{"id":63,"date":"2025-07-02T21:06:56","date_gmt":"2025-07-02T21:06:56","guid":{"rendered":"https:\/\/english.psality.com\/?page_id=63"},"modified":"2025-07-03T21:05:35","modified_gmt":"2025-07-03T21:05:35","slug":"conditions-de-paiement-recurrent","status":"publish","type":"page","link":"https:\/\/english.psality.com\/bg\/conditions-de-paiement-recurrent\/","title":{"rendered":"Conditions de paiement recurrent"},"content":{"rendered":"<p>[et_pb_section fb_built=&#8221;1&#8243; admin_label=&#8221;section&#8221; _builder_version=&#8221;4.27.4&#8243; background_color=&#8221;#0b2745&#8243; custom_margin=&#8221;0px||0px||true|false&#8221; custom_padding=&#8221;50px||50px||true|false&#8221; hover_enabled=&#8221;0&#8243; locked=&#8221;off&#8221; global_colors_info=&#8221;{}&#8221; sticky_enabled=&#8221;0&#8243;][et_pb_row make_equal=&#8221;on&#8221; custom_padding_last_edited=&#8221;on|tablet&#8221; admin_label=&#8221;row&#8221; _builder_version=&#8221;4.27.4&#8243; background_size=&#8221;initial&#8221; background_position=&#8221;top_left&#8221; background_repeat=&#8221;repeat&#8221; custom_margin_tablet=&#8221;&#8221; custom_margin_phone=&#8221;&#8221; custom_margin_last_edited=&#8221;on|phone&#8221; custom_padding_tablet=&#8221;||0px||false|false&#8221; custom_padding_phone=&#8221;||0px||false|false&#8221; hover_enabled=&#8221;0&#8243; global_colors_info=&#8221;{}&#8221; sticky_enabled=&#8221;0&#8243;][et_pb_column type=&#8221;4_4&#8243; _builder_version=&#8221;4.27.4&#8243; custom_padding=&#8221;|||&#8221; custom_css_main_element=&#8221;display:flex;||flex-direction:column;||justify-content:center;||align-content:center;&#8221; global_colors_info=&#8221;{}&#8221; custom_padding__hover=&#8221;|||&#8221;][et_pb_text admin_label=&#8221;Text&#8221; _builder_version=&#8221;4.27.4&#8243; background_size=&#8221;initial&#8221; background_position=&#8221;top_left&#8221; background_repeat=&#8221;repeat&#8221; hover_enabled=&#8221;0&#8243; global_colors_info=&#8221;{}&#8221; sticky_enabled=&#8221;0&#8243;]<\/p>\n<h1><span>\u0423\u0441\u043b\u043e\u0432\u0438\u044f \u0437\u0430 \u043f\u0435\u0440\u0438\u043e\u0434\u0438\u0447\u043d\u043e \u043f\u043b\u0430\u0449\u0430\u043d\u0435<\/span><\/h1>\n<p>[\/et_pb_text][\/et_pb_column][\/et_pb_row][\/et_pb_section][et_pb_section fb_built=&#8221;1&#8243; admin_label=&#8221;Sub-areas&#8221; _builder_version=&#8221;4.17.4&#8243; _module_preset=&#8221;default&#8221; locked=&#8221;off&#8221; global_colors_info=&#8221;{}&#8221;][et_pb_row custom_padding_last_edited=&#8221;on|desktop&#8221; admin_label=&#8221;Title&#8221; _builder_version=&#8221;4.17.4&#8243; _module_preset=&#8221;default&#8221; custom_padding=&#8221;|120px||120px|false|true&#8221; custom_padding_tablet=&#8221;|0px||0px|false|true&#8221; custom_padding_phone=&#8221;|0px||0px|false|true&#8221; global_colors_info=&#8221;{}&#8221;][et_pb_column type=&#8221;4_4&#8243; _builder_version=&#8221;4.17.4&#8243; _module_preset=&#8221;default&#8221; global_colors_info=&#8221;{}&#8221;][et_pb_text _builder_version=&#8221;4.21.0&#8243; _module_preset=&#8221;_initial&#8221; text_font=&#8221;Poppins|600|||||||&#8221; text_text_color=&#8221;#5f6bb0&#8243; text_font_size=&#8221;35px&#8221; text_orientation=&#8221;center&#8221; locked=&#8221;off&#8221; global_colors_info=&#8221;{}&#8221; custom_css_before_last_edited=&#8221;on|tablet&#8221; custom_css_before_phone=&#8221; content: %22%22;||  display: block;||  width: 50px;||  height: 5px;||  background: linear-gradient(to right,#A8CBEC,#5F6BB0);|| left: 10px;||  top: 50%;||  position: absolute;&#8221; custom_css_after_last_edited=&#8221;on|phone&#8221; custom_css_after_phone=&#8221; content: %22%22;||  display: block;||  width: 50px;||  height: 5px;||  background: linear-gradient(to right,#A8CBEC,#5F6BB0);||  right: 10px;||  top: 50%;||  position: absolute;&#8221; custom_css_before_tablet=&#8221; content: %22%22;||  display: block;||  width: 30%;||  height: 5px;||  background: linear-gradient(to right,#A8CBEC,#5F6BB0);||  left: 10px;||  top: 50%;||  position: absolute;&#8221; custom_css_after_tablet=&#8221; content: %22%22;||  display: block;||  width: 30%;||  height: 5px;||  background: linear-gradient(to left,#A8CBEC,#5F6BB0);||  right: 10px;||  top: 50%;||  position: absolute;&#8221;]<\/p>\n<p><span>\u0423\u0441\u043b\u043e\u0432\u0438\u044f \u0437\u0430 \u0430\u0431\u043e\u043d\u0430\u043c\u0435\u043d\u0442<\/span><\/p>\n<p>[\/et_pb_text][et_pb_text _builder_version=&#8221;4.21.0&#8243; _module_preset=&#8221;_initial&#8221; text_font=&#8221;Poppins|300|||||||&#8221; global_colors_info=&#8221;{}&#8221;]<\/p>\n<p>\u0412\u043b\u0438\u0437\u0430\u043d\u0435 \u0432 \u0441\u0438\u043b\u0430: 30 \u043c\u0430\u0440\u0442 2023 \u0433.<\/p>\n<p>[\/et_pb_text][et_pb_text _builder_version=&#8221;4.21.0&#8243; _module_preset=&#8221;_initial&#8221; global_colors_info=&#8221;{}&#8221;]<\/p>\n<p><strong>INFINIWAVE LIMITED<\/strong><\/p>\n<p><strong>77, LOWER CAMDEN STREET, <\/strong><\/p>\n<p><strong>DUBLIN D02 XE80<\/strong><\/p>\n<p><strong>\u0418\u0440\u043b\u0430\u043d\u0434\u0438\u044f<\/strong><\/p>\n<p><strong>\u0420\u0435\u0433\u0438\u0441\u0442\u0440\u0430\u0446\u0438\u043e\u043d\u0435\u043d \u043d\u043e\u043c\u0435\u0440 737750 \u0438 \u0414\u0414\u0421. 4162209VH<\/strong><\/p>\n<p>[\/et_pb_text][et_pb_text _builder_version=&#8221;4.23.4&#8243; _module_preset=&#8221;_initial&#8221; text_font=&#8221;Poppins||||||||&#8221; text_text_color=&#8221;#4e4e4e&#8221; global_colors_info=&#8221;{}&#8221;]<\/p>\n<p>\u0410\u0431\u043e\u043d\u0438\u0440\u0430\u043d\u0435\u0442\u043e \u0437\u0430 \u0443\u0441\u043b\u0443\u0433\u0438\u0442\u0435 \u043d\u0430 INFINIWAVE LIMITED \u0432\u0438 \u0434\u0430\u0432\u0430 \u0434\u043e\u0441\u0442\u044a\u043f \u0434\u043e \u0441\u043b\u0435\u0434\u043d\u0438\u0442\u0435 \u043f\u0440\u0435\u0434\u0438\u043c\u0441\u0442\u0432\u0430:<\/p>\n<ul>\n<li>\u041d\u0435\u043e\u0433\u0440\u0430\u043d\u0438\u0447\u0435\u043d\u0438 \u0442\u0435\u0441\u0442\u043e\u0432\u0435<\/li>\n<li>\u0421\u044a\u0445\u0440\u0430\u043d\u044f\u0432\u0430\u043d\u0435 \u043d\u0430 \u0432\u0441\u0438\u0447\u043a\u0438 \u0440\u0435\u0437\u0443\u043b\u0442\u0430\u0442\u0438 \u043e\u0442 \u0442\u0435\u0441\u0442\u043e\u0432\u0435\u0442\u0435<\/li>\n<li>\u0421\u0440\u0430\u0432\u043d\u0435\u043d\u0438\u044f \u043c\u0435\u0436\u0434\u0443 \u0442\u0435\u0441\u0442\u043e\u0432\u0435\u0442\u0435<\/li>\n<li>\u0420\u0435\u0437\u0443\u043b\u0442\u0430\u0442\u0438, \u0438\u0437\u043f\u0440\u0430\u0442\u0435\u043d\u0438 \u043f\u043e \u0438\u043c\u0435\u0439\u043b<\/li>\n<\/ul>\n<p>\u0410\u0431\u043e\u043d\u0430\u043c\u0435\u043d\u0442\u044a\u0442 \u0432\u0438 \u0434\u0430\u0432\u0430 \u0434\u043e\u0441\u0442\u044a\u043f \u0434\u043e \u0437\u043e\u043d\u0430\u0442\u0430 \u0437\u0430 \u0447\u043b\u0435\u043d\u043e\u0432\u0435 \u0437\u0430 24 \u0447\u0430\u0441\u0430 \u043d\u0430 \u043f\u0440\u043e\u043c\u043e\u0446\u0438\u043e\u043d\u0430\u043b\u043d\u0430\u0442\u0430 \u0446\u0435\u043d\u0430 \u043e\u0442 0,5 \u0435\u0432\u0440\u043e \u0441 \u0414\u0414\u0421. \u0412 \u043a\u0440\u0430\u044f \u043d\u0430 \u0442\u043e\u0437\u0438 \u043f\u0440\u043e\u0431\u0435\u043d \u043f\u0435\u0440\u0438\u043e\u0434 \u0441\u0435 \u043f\u0440\u0438\u043b\u0430\u0433\u0430 \u043c\u0435\u0441\u0435\u0447\u043d\u0438\u044f\u0442 \u0430\u0431\u043e\u043d\u0430\u043c\u0435\u043d\u0442 \u043d\u0430 \u0441\u0442\u043e\u0439\u043d\u043e\u0441\u0442 47,5 \u0435\u0432\u0440\u043e \u0441 \u0414\u0414\u0421 \u043d\u0430 \u043c\u0435\u0441\u0435\u0446. \u041f\u043b\u0430\u0449\u0430\u043d\u0435\u0442\u043e \u0449\u0435 \u0431\u044a\u0434\u0435 \u0430\u0432\u0442\u043e\u043c\u0430\u0442\u0438\u0447\u043d\u043e \u0434\u0435\u0431\u0438\u0442\u0438\u0440\u0430\u043d\u043e \u043e\u0442 \u043a\u0440\u0435\u0434\u0438\u0442\u043d\u0430\u0442\u0430 \u0432\u0438 \u043a\u0430\u0440\u0442\u0430 \u0432\u0441\u0435\u043a\u0438 \u043c\u0435\u0441\u0435\u0446 \u043d\u0430 \u0434\u0430\u0442\u0430\u0442\u0430 \u043d\u0430 \u0433\u043e\u0434\u0438\u0448\u043d\u0438\u043d\u0430\u0442\u0430.<\/p>\n<p>\u041c\u043e\u0436\u0435\u0442\u0435 \u0434\u0430 \u043f\u0440\u0435\u043a\u0440\u0430\u0442\u0438\u0442\u0435 \u0430\u0431\u043e\u043d\u0430\u043c\u0435\u043d\u0442\u0430 \u0441\u0438 \u043f\u043e \u0432\u0441\u044f\u043a\u043e \u0432\u0440\u0435\u043c\u0435 \u0438 \u0431\u0435\u0437\u0443\u0441\u043b\u043e\u0432\u043d\u043e \u0434\u0438\u0440\u0435\u043a\u0442\u043d\u043e \u043d\u0430 \u0442\u0430\u0437\u0438 \u0441\u0442\u0440\u0430\u043d\u0438\u0446\u0430: <a href=\"https:\/\/english.psality.com\/fr\/test-big-5-cancel-sub\/\">https:\/\/english.psality.com\/fr\/test-big-5-cancel-sub\/<\/a><\/p>\n<p>\u0417\u0430 \u0434\u0430 \u043f\u0440\u0435\u043a\u0440\u0430\u0442\u0438\u0442\u0435 \u0430\u0431\u043e\u043d\u0430\u043c\u0435\u043d\u0442\u0430 \u0441\u0438, \u043c\u043e\u043b\u044f, \u0441\u0432\u044a\u0440\u0436\u0435\u0442\u0435 \u0441\u0435 \u0441 \u043d\u0430\u0448\u0430\u0442\u0430 \u0441\u043b\u0443\u0436\u0431\u0430 \u0437\u0430 \u043e\u0431\u0441\u043b\u0443\u0436\u0432\u0430\u043d\u0435 \u043d\u0430 \u043a\u043b\u0438\u0435\u043d\u0442\u0438 \u043f\u043e \u0438\u043c\u0435\u0439\u043b \u043d\u0430 \u0430\u0434\u0440\u0435\u0441 <a href=\"mailto:contact.psality@gmail.com\" target=\"_new\" rel=\"noopener\">contact.psality@gmail.com<\/a>\u0438\u043b\u0438 \u0447\u0440\u0435\u0437 \u043d\u0430\u0448\u0438\u044f \u0444\u043e\u0440\u043c\u0443\u043b\u044f\u0440 \u0437\u0430 \u043a\u043e\u043d\u0442\u0430\u043a\u0442, \u043a\u0430\u0442\u043e \u043f\u043e\u0441\u043b\u0435\u0434\u0432\u0430\u0442\u0435 \u0442\u0430\u0437\u0438 \u0432\u0440\u044a\u0437\u043a\u0430: <a href=\"https:\/\/english.psality.com\/fr\/contacts\/\">https:\/\/english.psality.com\/fr\/contacts\/<\/a><\/p>\n<p>INFINIWAVE LIMITED \u043d\u0435 \u043f\u0440\u0435\u043f\u0440\u043e\u0434\u0430\u0432\u0430 \u0438\u043d\u0444\u043e\u0440\u043c\u0430\u0446\u0438\u044f \u0437\u0430 \u043a\u043b\u0438\u0435\u043d\u0442\u0438\u0442\u0435; \u043b\u0438\u0447\u043d\u0438\u0442\u0435 \u0434\u0430\u043d\u043d\u0438 \u0441\u0435 \u0438\u0437\u043f\u043e\u043b\u0437\u0432\u0430\u0442 \u0441\u0430\u043c\u043e \u0437\u0430 \u0446\u0435\u043b\u0438\u0442\u0435 \u043d\u0430 \u043a\u043e\u043c\u0443\u043d\u0438\u043a\u0430\u0446\u0438\u044f\u0442\u0430 \u0441 \u043a\u043b\u0438\u0435\u043d\u0442\u0438\u0442\u0435 \u0438 \u0437\u0430 \u043f\u0440\u0435\u0434\u043e\u0441\u0442\u0430\u0432\u044f\u043d\u0435 \u043d\u0430 \u0436\u0435\u043b\u0430\u043d\u043e\u0442\u043e \u043d\u0438\u0432\u043e \u043d\u0430 \u043e\u0431\u0441\u043b\u0443\u0436\u0432\u0430\u043d\u0435.<\/p>\n<p>INFINIWAVE LIMITED \u0438\u0437\u043f\u043e\u043b\u0437\u0432\u0430 \u0434\u043e\u0441\u0442\u0430\u0432\u0447\u0438\u0446\u0438 \u043d\u0430 \u043f\u043b\u0430\u0442\u0435\u0436\u043d\u0438 \u0443\u0441\u043b\u0443\u0433\u0438, \u043a\u043e\u0438\u0442\u043e \u043e\u0442\u0433\u043e\u0432\u0430\u0440\u044f\u0442 \u043d\u0430 \u0438\u0437\u0438\u0441\u043a\u0432\u0430\u043d\u0438\u0442\u0435 \u0441\u0442\u0430\u043d\u0434\u0430\u0440\u0442\u0438 \u0437\u0430 \u0441\u0438\u0433\u0443\u0440\u043d\u043e\u0441\u0442 PCI DSS.<\/p>\n<p>[\/et_pb_text][\/et_pb_column][\/et_pb_row][\/et_pb_section]<\/p>","protected":false},"excerpt":{"rendered":"<p>Conditions de paiement r\u00e9currentConditions d&#8217;abonnementEntry into force: March 30th, 2023INFINIWAVE LIMITED 77, LOWER CAMDEN STREET, DUBLIN D02 XE80 Ireland Registration number 737750 and VAT. 4162209VHL&#8217;abonnement aux services de INFINIWAVE LIMITED donne acc\u00e8s aux avantages suivants : Tests illimit\u00e9s Stockage de tous les r\u00e9sultats de test Comparaisons entre les tests Envoi des r\u00e9sultats par e-mail L&#8217;abonnement [&hellip;]<\/p>","protected":false},"author":1,"featured_media":0,"parent":0,"menu_order":0,"comment_status":"closed","ping_status":"closed","template":"","meta":{"_et_pb_use_builder":"on","_et_pb_old_content":"<!-- wp:divi\/placeholder \/-->","_et_gb_content_width":"","inline_featured_image":false,"footnotes":""},"class_list":["post-63","page","type-page","status-publish","hentry"],"_links":{"self":[{"href":"https:\/\/english.psality.com\/bg\/wp-json\/wp\/v2\/pages\/63","targetHints":{"allow":["GET"]}}],"collection":[{"href":"https:\/\/english.psality.com\/bg\/wp-json\/wp\/v2\/pages"}],"about":[{"href":"https:\/\/english.psality.com\/bg\/wp-json\/wp\/v2\/types\/page"}],"author":[{"embeddable":true,"href":"https:\/\/english.psality.com\/bg\/wp-json\/wp\/v2\/users\/1"}],"replies":[{"embeddable":true,"href":"https:\/\/english.psality.com\/bg\/wp-json\/wp\/v2\/comments?post=63"}],"version-history":[{"count":4,"href":"https:\/\/english.psality.com\/bg\/wp-json\/wp\/v2\/pages\/63\/revisions"}],"predecessor-version":[{"id":242,"href":"https:\/\/english.psality.com\/bg\/wp-json\/wp\/v2\/pages\/63\/revisions\/242"}],"wp:attachment":[{"href":"https:\/\/english.psality.com\/bg\/wp-json\/wp\/v2\/media?parent=63"}],"curies":[{"name":"wp","href":"https:\/\/api.w.org\/{rel}","templated":true}]}}