{"id":63,"date":"2025-07-02T21:06:56","date_gmt":"2025-07-02T21:06:56","guid":{"rendered":"https:\/\/english.psality.com\/?page_id=63"},"modified":"2025-07-03T21:05:35","modified_gmt":"2025-07-03T21:05:35","slug":"conditions-de-paiement-recurrent","status":"publish","type":"page","link":"https:\/\/english.psality.com\/el\/conditions-de-paiement-recurrent\/","title":{"rendered":"Conditions de paiement recurrent"},"content":{"rendered":"<p>[et_pb_section fb_built=&#8221;1&#8243; admin_label=&#8221;section&#8221; _builder_version=&#8221;4.27.4&#8243; background_color=&#8221;#0b2745&#8243; custom_margin=&#8221;0px||0px||true|false&#8221; custom_padding=&#8221;50px||50px||true|false&#8221; hover_enabled=&#8221;0&#8243; locked=&#8221;off&#8221; global_colors_info=&#8221;{}&#8221; sticky_enabled=&#8221;0&#8243;][et_pb_row make_equal=&#8221;on&#8221; custom_padding_last_edited=&#8221;on|tablet&#8221; admin_label=&#8221;row&#8221; _builder_version=&#8221;4.27.4&#8243; background_size=&#8221;initial&#8221; background_position=&#8221;top_left&#8221; background_repeat=&#8221;repeat&#8221; custom_margin_tablet=&#8221;&#8221; custom_margin_phone=&#8221;&#8221; custom_margin_last_edited=&#8221;on|phone&#8221; custom_padding_tablet=&#8221;||0px||false|false&#8221; custom_padding_phone=&#8221;||0px||false|false&#8221; hover_enabled=&#8221;0&#8243; global_colors_info=&#8221;{}&#8221; sticky_enabled=&#8221;0&#8243;][et_pb_column type=&#8221;4_4&#8243; _builder_version=&#8221;4.27.4&#8243; custom_padding=&#8221;|||&#8221; custom_css_main_element=&#8221;display:flex;||flex-direction:column;||justify-content:center;||align-content:center;&#8221; global_colors_info=&#8221;{}&#8221; custom_padding__hover=&#8221;|||&#8221;][et_pb_text admin_label=&#8221;Text&#8221; _builder_version=&#8221;4.27.4&#8243; background_size=&#8221;initial&#8221; background_position=&#8221;top_left&#8221; background_repeat=&#8221;repeat&#8221; hover_enabled=&#8221;0&#8243; global_colors_info=&#8221;{}&#8221; sticky_enabled=&#8221;0&#8243;]<\/p>\n<h1><span>\u0395\u03c0\u03b1\u03bd\u03b1\u03bb\u03b1\u03bc\u03b2\u03b1\u03bd\u03cc\u03bc\u03b5\u03bd\u03bf\u03b9 \u03cc\u03c1\u03bf\u03b9 \u03c0\u03bb\u03b7\u03c1\u03c9\u03bc\u03ae\u03c2<\/span><\/h1>\n<p>[\/et_pb_text][\/et_pb_column][\/et_pb_row][\/et_pb_section][et_pb_section fb_built=&#8221;1&#8243; admin_label=&#8221;Sub-areas&#8221; _builder_version=&#8221;4.17.4&#8243; _module_preset=&#8221;default&#8221; locked=&#8221;off&#8221; global_colors_info=&#8221;{}&#8221;][et_pb_row custom_padding_last_edited=&#8221;on|desktop&#8221; admin_label=&#8221;Title&#8221; _builder_version=&#8221;4.17.4&#8243; _module_preset=&#8221;default&#8221; custom_padding=&#8221;|120px||120px|false|true&#8221; custom_padding_tablet=&#8221;|0px||0px|false|true&#8221; custom_padding_phone=&#8221;|0px||0px|false|true&#8221; global_colors_info=&#8221;{}&#8221;][et_pb_column type=&#8221;4_4&#8243; _builder_version=&#8221;4.17.4&#8243; _module_preset=&#8221;default&#8221; global_colors_info=&#8221;{}&#8221;][et_pb_text _builder_version=&#8221;4.21.0&#8243; _module_preset=&#8221;_initial&#8221; text_font=&#8221;Poppins|600|||||||&#8221; text_text_color=&#8221;#5f6bb0&#8243; text_font_size=&#8221;35px&#8221; text_orientation=&#8221;center&#8221; locked=&#8221;off&#8221; global_colors_info=&#8221;{}&#8221; custom_css_before_last_edited=&#8221;on|tablet&#8221; custom_css_before_phone=&#8221; content: %22%22;||  display: block;||  width: 50px;||  height: 5px;||  background: linear-gradient(to right,#A8CBEC,#5F6BB0);|| left: 10px;||  top: 50%;||  position: absolute;&#8221; custom_css_after_last_edited=&#8221;on|phone&#8221; custom_css_after_phone=&#8221; content: %22%22;||  display: block;||  width: 50px;||  height: 5px;||  background: linear-gradient(to right,#A8CBEC,#5F6BB0);||  right: 10px;||  top: 50%;||  position: absolute;&#8221; custom_css_before_tablet=&#8221; content: %22%22;||  display: block;||  width: 30%;||  height: 5px;||  background: linear-gradient(to right,#A8CBEC,#5F6BB0);||  left: 10px;||  top: 50%;||  position: absolute;&#8221; custom_css_after_tablet=&#8221; content: %22%22;||  display: block;||  width: 30%;||  height: 5px;||  background: linear-gradient(to left,#A8CBEC,#5F6BB0);||  right: 10px;||  top: 50%;||  position: absolute;&#8221;]<\/p>\n<p><span>\u038c\u03c1\u03bf\u03b9 \u03c3\u03c5\u03bd\u03b4\u03c1\u03bf\u03bc\u03ae\u03c2<\/span><\/p>\n<p>[\/et_pb_text][et_pb_text _builder_version=&#8221;4.21.0&#8243; _module_preset=&#8221;_initial&#8221; text_font=&#8221;Poppins|300|||||||&#8221; global_colors_info=&#8221;{}&#8221;]<\/p>\n<p>\u0388\u03bd\u03b1\u03c1\u03be\u03b7 \u03b9\u03c3\u03c7\u03cd\u03bf\u03c2: 30 \u039c\u03b1\u03c1\u03c4\u03af\u03bf\u03c5 2023<\/p>\n<p>[\/et_pb_text][et_pb_text _builder_version=&#8221;4.21.0&#8243; _module_preset=&#8221;_initial&#8221; global_colors_info=&#8221;{}&#8221;]<\/p>\n<p><strong>INFINIWAVE LIMITED<\/strong><\/p>\n<p><strong>77, LOWER CAMDEN STREET, <\/strong><\/p>\n<p><strong>DUBLIN D02 XE80<\/strong><\/p>\n<p><strong>\u0399\u03c1\u03bb\u03b1\u03bd\u03b4\u03af\u03b1<\/strong><\/p>\n<p><strong>\u0391\u03c1\u03b9\u03b8\u03bc\u03cc\u03c2 \u03bc\u03b7\u03c4\u03c1\u03ce\u03bf\u03c5 737750 \u03ba\u03b1\u03b9 \u03a6\u03a0\u0391. 4162209VH<\/strong><\/p>\n<p>[\/et_pb_text][et_pb_text _builder_version=&#8221;4.23.4&#8243; _module_preset=&#8221;_initial&#8221; text_font=&#8221;Poppins||||||||&#8221; text_text_color=&#8221;#4e4e4e&#8221; global_colors_info=&#8221;{}&#8221;]<\/p>\n<p>\u0397 \u03b5\u03b3\u03b3\u03c1\u03b1\u03c6\u03ae \u03c3\u03b1\u03c2 \u03c3\u03c4\u03b9\u03c2 \u03c5\u03c0\u03b7\u03c1\u03b5\u03c3\u03af\u03b5\u03c2 \u03c4\u03b7\u03c2 INFINIWAVE LIMITED \u03c3\u03b1\u03c2 \u03b4\u03af\u03bd\u03b5\u03b9 \u03c0\u03c1\u03cc\u03c3\u03b2\u03b1\u03c3\u03b7 \u03c3\u03c4\u03b1 \u03b1\u03ba\u03cc\u03bb\u03bf\u03c5\u03b8\u03b1 \u03bf\u03c6\u03ad\u03bb\u03b7:<\/p>\n<ul>\n<li>\u0391\u03c0\u03b5\u03c1\u03b9\u03cc\u03c1\u03b9\u03c3\u03c4\u03b5\u03c2 \u03b4\u03bf\u03ba\u03b9\u03bc\u03ad\u03c2<\/li>\n<li>\u0391\u03c0\u03bf\u03b8\u03ae\u03ba\u03b5\u03c5\u03c3\u03b7 \u03cc\u03bb\u03c9\u03bd \u03c4\u03c9\u03bd \u03b1\u03c0\u03bf\u03c4\u03b5\u03bb\u03b5\u03c3\u03bc\u03ac\u03c4\u03c9\u03bd \u03c4\u03c9\u03bd \u03b4\u03bf\u03ba\u03b9\u03bc\u03ce\u03bd<\/li>\n<li>\u03a3\u03c5\u03b3\u03ba\u03c1\u03af\u03c3\u03b5\u03b9\u03c2 \u03bc\u03b5\u03c4\u03b1\u03be\u03cd \u03b4\u03bf\u03ba\u03b9\u03bc\u03ce\u03bd<\/li>\n<li>\u0391\u03c0\u03bf\u03c3\u03c4\u03bf\u03bb\u03ae \u03b1\u03c0\u03bf\u03c4\u03b5\u03bb\u03b5\u03c3\u03bc\u03ac\u03c4\u03c9\u03bd \u03bc\u03ad\u03c3\u03c9 e-mail<\/li>\n<\/ul>\n<p>\u0397 \u03c3\u03c5\u03bd\u03b4\u03c1\u03bf\u03bc\u03ae \u03c3\u03b1\u03c2 \u03b4\u03af\u03bd\u03b5\u03b9 \u03c0\u03c1\u03cc\u03c3\u03b2\u03b1\u03c3\u03b7 \u03c3\u03c4\u03b7\u03bd \u03c0\u03b5\u03c1\u03b9\u03bf\u03c7\u03ae \u03c4\u03c9\u03bd \u03bc\u03b5\u03bb\u03ce\u03bd \u03b3\u03b9\u03b1 24 \u03ce\u03c1\u03b5\u03c2 \u03c3\u03c4\u03b7\u03bd \u03c4\u03b9\u03bc\u03ae \u03c0\u03c1\u03bf\u03c3\u03c6\u03bf\u03c1\u03ac\u03c2 \u03c4\u03c9\u03bd 0,5 \u20ac \u03c3\u03c5\u03bc\u03c0\u03b5\u03c1\u03b9\u03bb\u03b1\u03bc\u03b2\u03b1\u03bd\u03bf\u03bc\u03ad\u03bd\u03bf\u03c5 \u03c4\u03bf\u03c5 \u03a6\u03a0\u0391. \u03a3\u03c4\u03bf \u03c4\u03ad\u03bb\u03bf\u03c2 \u03b1\u03c5\u03c4\u03ae\u03c2 \u03c4\u03b7\u03c2 \u03b4\u03bf\u03ba\u03b9\u03bc\u03b1\u03c3\u03c4\u03b9\u03ba\u03ae\u03c2 \u03c0\u03b5\u03c1\u03b9\u03cc\u03b4\u03bf\u03c5, \u03b8\u03b1 \u03b9\u03c3\u03c7\u03cd\u03b5\u03b9 \u03b7 \u03bc\u03b7\u03bd\u03b9\u03b1\u03af\u03b1 \u03c3\u03c5\u03bd\u03b4\u03c1\u03bf\u03bc\u03ae \u03bc\u03b5 47,5 \u20ac \u03c3\u03c5\u03bc\u03c0\u03b5\u03c1\u03b9\u03bb\u03b1\u03bc\u03b2\u03b1\u03bd\u03bf\u03bc\u03ad\u03bd\u03bf\u03c5 \u03c4\u03bf\u03c5 \u03a6\u03a0\u0391 \u03b1\u03bd\u03ac \u03bc\u03ae\u03bd\u03b1. \u0397 \u03c0\u03bb\u03b7\u03c1\u03c9\u03bc\u03ae \u03b8\u03b1 \u03c7\u03c1\u03b5\u03ce\u03bd\u03b5\u03c4\u03b1\u03b9 \u03b1\u03c5\u03c4\u03cc\u03bc\u03b1\u03c4\u03b1 \u03b1\u03c0\u03cc \u03c4\u03b7\u03bd \u03c0\u03b9\u03c3\u03c4\u03c9\u03c4\u03b9\u03ba\u03ae \u03c3\u03b1\u03c2 \u03ba\u03ac\u03c1\u03c4\u03b1 \u03ba\u03ac\u03b8\u03b5 \u03bc\u03ae\u03bd\u03b1 \u03ba\u03b1\u03c4\u03ac \u03c4\u03b7\u03bd \u03b7\u03bc\u03b5\u03c1\u03bf\u03bc\u03b7\u03bd\u03af\u03b1 \u03c4\u03b7\u03c2 \u03b5\u03c0\u03b5\u03c4\u03b5\u03af\u03bf\u03c5.<\/p>\n<p>\u039c\u03c0\u03bf\u03c1\u03b5\u03af\u03c4\u03b5 \u03bd\u03b1 \u03b1\u03ba\u03c5\u03c1\u03ce\u03c3\u03b5\u03c4\u03b5 \u03c4\u03b7 \u03c3\u03c5\u03bd\u03b4\u03c1\u03bf\u03bc\u03ae \u03c3\u03b1\u03c2 \u03b1\u03bd\u03ac \u03c0\u03ac\u03c3\u03b1 \u03c3\u03c4\u03b9\u03b3\u03bc\u03ae \u03ba\u03b1\u03b9 \u03ac\u03bd\u03b5\u03c5 \u03cc\u03c1\u03c9\u03bd \u03b1\u03c0\u03b5\u03c5\u03b8\u03b5\u03af\u03b1\u03c2 \u03c3\u03b5 \u03b1\u03c5\u03c4\u03ae \u03c4\u03b7 \u03c3\u03b5\u03bb\u03af\u03b4\u03b1: <a href=\"https:\/\/english.psality.com\/fr\/test-big-5-cancel-sub\/\">https:\/\/english.psality.com\/fr\/test-big-5-cancel-sub\/<\/a><\/p>\n<p>\u0393\u03b9\u03b1 \u03bd\u03b1 \u03b1\u03ba\u03c5\u03c1\u03ce\u03c3\u03b5\u03c4\u03b5 \u03c4\u03b7 \u03c3\u03c5\u03bd\u03b4\u03c1\u03bf\u03bc\u03ae \u03c3\u03b1\u03c2, \u03c0\u03b1\u03c1\u03b1\u03ba\u03b1\u03bb\u03bf\u03cd\u03bc\u03b5 \u03b5\u03c0\u03b9\u03ba\u03bf\u03b9\u03bd\u03c9\u03bd\u03ae\u03c3\u03c4\u03b5 \u03bc\u03b5 \u03c4\u03b7\u03bd \u0395\u03be\u03c5\u03c0\u03b7\u03c1\u03ad\u03c4\u03b7\u03c3\u03b7 \u03a0\u03b5\u03bb\u03b1\u03c4\u03ce\u03bd \u03bc\u03b1\u03c2 \u03bc\u03ad\u03c3\u03c9 e-mail \u03c3\u03c4\u03b7 \u03b4\u03b9\u03b5\u03cd\u03b8\u03c5\u03bd\u03c3\u03b7 <a href=\"mailto:contact.psality@gmail.com\" target=\"_new\" rel=\"noopener\">contact.psality@gmail.com<\/a>\u03ae \u03bc\u03ad\u03c3\u03c9 \u03c4\u03b7\u03c2 \u03c6\u03cc\u03c1\u03bc\u03b1\u03c2 \u03b5\u03c0\u03b9\u03ba\u03bf\u03b9\u03bd\u03c9\u03bd\u03af\u03b1\u03c2 \u03bc\u03b1\u03c2 \u03b1\u03ba\u03bf\u03bb\u03bf\u03c5\u03b8\u03ce\u03bd\u03c4\u03b1\u03c2 \u03b1\u03c5\u03c4\u03cc\u03bd \u03c4\u03bf\u03bd \u03c3\u03cd\u03bd\u03b4\u03b5\u03c3\u03bc\u03bf: <a href=\"https:\/\/english.psality.com\/fr\/contacts\/\">https:\/\/english.psality.com\/fr\/contacts\/<\/a><\/p>\n<p>\u0397 INFINIWAVE LIMITED \u03b4\u03b5\u03bd \u03bc\u03b5\u03c4\u03b1\u03c0\u03c9\u03bb\u03b5\u03af \u03c0\u03bb\u03b7\u03c1\u03bf\u03c6\u03bf\u03c1\u03af\u03b5\u03c2 \u03c0\u03b5\u03bb\u03b1\u03c4\u03ce\u03bd- \u03c4\u03b1 \u03c0\u03c1\u03bf\u03c3\u03c9\u03c0\u03b9\u03ba\u03ac \u03b4\u03b5\u03b4\u03bf\u03bc\u03ad\u03bd\u03b1 \u03c7\u03c1\u03b7\u03c3\u03b9\u03bc\u03bf\u03c0\u03bf\u03b9\u03bf\u03cd\u03bd\u03c4\u03b1\u03b9 \u03bc\u03cc\u03bd\u03bf \u03b3\u03b9\u03b1 \u03c4\u03b7\u03bd \u03b5\u03c0\u03b9\u03ba\u03bf\u03b9\u03bd\u03c9\u03bd\u03af\u03b1 \u03bc\u03b5 \u03c4\u03bf\u03c5\u03c2 \u03c0\u03b5\u03bb\u03ac\u03c4\u03b5\u03c2 \u03ba\u03b1\u03b9 \u03c4\u03b7\u03bd \u03c0\u03b1\u03c1\u03bf\u03c7\u03ae \u03c4\u03bf\u03c5 \u03b5\u03c0\u03b9\u03b8\u03c5\u03bc\u03b7\u03c4\u03bf\u03cd \u03b5\u03c0\u03b9\u03c0\u03ad\u03b4\u03bf\u03c5 \u03c5\u03c0\u03b7\u03c1\u03b5\u03c3\u03b9\u03ce\u03bd.<\/p>\n<p>\u0397 INFINIWAVE LIMITED \u03c7\u03c1\u03b7\u03c3\u03b9\u03bc\u03bf\u03c0\u03bf\u03b9\u03b5\u03af \u03c0\u03b1\u03c1\u03cc\u03c7\u03bf\u03c5\u03c2 \u03c0\u03bb\u03b7\u03c1\u03c9\u03bc\u03ce\u03bd \u03c0\u03bf\u03c5 \u03c3\u03c5\u03bc\u03bc\u03bf\u03c1\u03c6\u03ce\u03bd\u03bf\u03bd\u03c4\u03b1\u03b9 \u03bc\u03b5 \u03c4\u03b1 \u03b1\u03c0\u03b1\u03b9\u03c4\u03bf\u03cd\u03bc\u03b5\u03bd\u03b1 \u03c0\u03c1\u03cc\u03c4\u03c5\u03c0\u03b1 \u03b1\u03c3\u03c6\u03b1\u03bb\u03b5\u03af\u03b1\u03c2 PCI DSS.<\/p>\n<p>[\/et_pb_text][\/et_pb_column][\/et_pb_row][\/et_pb_section]<\/p>","protected":false},"excerpt":{"rendered":"<p>Conditions de paiement r\u00e9currentConditions d&#8217;abonnementEntry into force: March 30th, 2023INFINIWAVE LIMITED 77, LOWER CAMDEN STREET, DUBLIN D02 XE80 Ireland Registration number 737750 and VAT. 4162209VHL&#8217;abonnement aux services de INFINIWAVE LIMITED donne acc\u00e8s aux avantages suivants : Tests illimit\u00e9s Stockage de tous les r\u00e9sultats de test Comparaisons entre les tests Envoi des r\u00e9sultats par e-mail L&#8217;abonnement [&hellip;]<\/p>","protected":false},"author":1,"featured_media":0,"parent":0,"menu_order":0,"comment_status":"closed","ping_status":"closed","template":"","meta":{"_et_pb_use_builder":"on","_et_pb_old_content":"<!-- wp:divi\/placeholder \/-->","_et_gb_content_width":"","inline_featured_image":false,"footnotes":""},"class_list":["post-63","page","type-page","status-publish","hentry"],"_links":{"self":[{"href":"https:\/\/english.psality.com\/el\/wp-json\/wp\/v2\/pages\/63","targetHints":{"allow":["GET"]}}],"collection":[{"href":"https:\/\/english.psality.com\/el\/wp-json\/wp\/v2\/pages"}],"about":[{"href":"https:\/\/english.psality.com\/el\/wp-json\/wp\/v2\/types\/page"}],"author":[{"embeddable":true,"href":"https:\/\/english.psality.com\/el\/wp-json\/wp\/v2\/users\/1"}],"replies":[{"embeddable":true,"href":"https:\/\/english.psality.com\/el\/wp-json\/wp\/v2\/comments?post=63"}],"version-history":[{"count":4,"href":"https:\/\/english.psality.com\/el\/wp-json\/wp\/v2\/pages\/63\/revisions"}],"predecessor-version":[{"id":242,"href":"https:\/\/english.psality.com\/el\/wp-json\/wp\/v2\/pages\/63\/revisions\/242"}],"wp:attachment":[{"href":"https:\/\/english.psality.com\/el\/wp-json\/wp\/v2\/media?parent=63"}],"curies":[{"name":"wp","href":"https:\/\/api.w.org\/{rel}","templated":true}]}}