{"id":63,"date":"2025-07-02T21:06:56","date_gmt":"2025-07-02T21:06:56","guid":{"rendered":"https:\/\/english.psality.com\/?page_id=63"},"modified":"2025-07-03T21:05:35","modified_gmt":"2025-07-03T21:05:35","slug":"conditions-de-paiement-recurrent","status":"publish","type":"page","link":"https:\/\/english.psality.com\/et\/conditions-de-paiement-recurrent\/","title":{"rendered":"Conditions de paiement recurrent"},"content":{"rendered":"<p>[et_pb_section fb_built=&#8221;1&#8243; admin_label=&#8221;section&#8221; _builder_version=&#8221;4.27.4&#8243; background_color=&#8221;#0b2745&#8243; custom_margin=&#8221;0px||0px||true|false&#8221; custom_padding=&#8221;50px||50px||true|false&#8221; hover_enabled=&#8221;0&#8243; locked=&#8221;off&#8221; global_colors_info=&#8221;{}&#8221; sticky_enabled=&#8221;0&#8243;][et_pb_row make_equal=&#8221;on&#8221; custom_padding_last_edited=&#8221;on|tablet&#8221; admin_label=&#8221;row&#8221; _builder_version=&#8221;4.27.4&#8243; background_size=&#8221;initial&#8221; background_position=&#8221;top_left&#8221; background_repeat=&#8221;repeat&#8221; custom_margin_tablet=&#8221;&#8221; custom_margin_phone=&#8221;&#8221; custom_margin_last_edited=&#8221;on|phone&#8221; custom_padding_tablet=&#8221;||0px||false|false&#8221; custom_padding_phone=&#8221;||0px||false|false&#8221; hover_enabled=&#8221;0&#8243; global_colors_info=&#8221;{}&#8221; sticky_enabled=&#8221;0&#8243;][et_pb_column type=&#8221;4_4&#8243; _builder_version=&#8221;4.27.4&#8243; custom_padding=&#8221;|||&#8221; custom_css_main_element=&#8221;display:flex;||flex-direction:column;||justify-content:center;||align-content:center;&#8221; global_colors_info=&#8221;{}&#8221; custom_padding__hover=&#8221;|||&#8221;][et_pb_text admin_label=&#8221;Text&#8221; _builder_version=&#8221;4.27.4&#8243; background_size=&#8221;initial&#8221; background_position=&#8221;top_left&#8221; background_repeat=&#8221;repeat&#8221; hover_enabled=&#8221;0&#8243; global_colors_info=&#8221;{}&#8221; sticky_enabled=&#8221;0&#8243;]<\/p>\n<h1><span>Korduvad maksetingimused<\/span><\/h1>\n<p>[\/et_pb_text][\/et_pb_column][\/et_pb_row][\/et_pb_section][et_pb_section fb_built=&#8221;1&#8243; admin_label=&#8221;Sub-areas&#8221; _builder_version=&#8221;4.17.4&#8243; _module_preset=&#8221;default&#8221; locked=&#8221;off&#8221; global_colors_info=&#8221;{}&#8221;][et_pb_row custom_padding_last_edited=&#8221;on|desktop&#8221; admin_label=&#8221;Title&#8221; _builder_version=&#8221;4.17.4&#8243; _module_preset=&#8221;default&#8221; custom_padding=&#8221;|120px||120px|false|true&#8221; custom_padding_tablet=&#8221;|0px||0px|false|true&#8221; custom_padding_phone=&#8221;|0px||0px|false|true&#8221; global_colors_info=&#8221;{}&#8221;][et_pb_column type=&#8221;4_4&#8243; _builder_version=&#8221;4.17.4&#8243; _module_preset=&#8221;default&#8221; global_colors_info=&#8221;{}&#8221;][et_pb_text _builder_version=&#8221;4.21.0&#8243; _module_preset=&#8221;_initial&#8221; text_font=&#8221;Poppins|600|||||||&#8221; text_text_color=&#8221;#5f6bb0&#8243; text_font_size=&#8221;35px&#8221; text_orientation=&#8221;center&#8221; locked=&#8221;off&#8221; global_colors_info=&#8221;{}&#8221; custom_css_before_last_edited=&#8221;on|tablet&#8221; custom_css_before_phone=&#8221; content: %22%22;||  display: block;||  width: 50px;||  height: 5px;||  background: linear-gradient(to right,#A8CBEC,#5F6BB0);|| left: 10px;||  top: 50%;||  position: absolute;&#8221; custom_css_after_last_edited=&#8221;on|phone&#8221; custom_css_after_phone=&#8221; content: %22%22;||  display: block;||  width: 50px;||  height: 5px;||  background: linear-gradient(to right,#A8CBEC,#5F6BB0);||  right: 10px;||  top: 50%;||  position: absolute;&#8221; custom_css_before_tablet=&#8221; content: %22%22;||  display: block;||  width: 30%;||  height: 5px;||  background: linear-gradient(to right,#A8CBEC,#5F6BB0);||  left: 10px;||  top: 50%;||  position: absolute;&#8221; custom_css_after_tablet=&#8221; content: %22%22;||  display: block;||  width: 30%;||  height: 5px;||  background: linear-gradient(to left,#A8CBEC,#5F6BB0);||  right: 10px;||  top: 50%;||  position: absolute;&#8221;]<\/p>\n<p><span>Tellimuse tingimused<\/span><\/p>\n<p>[\/et_pb_text][et_pb_text _builder_version=&#8221;4.21.0&#8243; _module_preset=&#8221;_initial&#8221; text_font=&#8221;Poppins|300|||||||&#8221; global_colors_info=&#8221;{}&#8221;]<\/p>\n<p>J\u00f5ustumine: 30. m\u00e4rts 2023.<\/p>\n<p>[\/et_pb_text][et_pb_text _builder_version=&#8221;4.21.0&#8243; _module_preset=&#8221;_initial&#8221; global_colors_info=&#8221;{}&#8221;]<\/p>\n<p><strong>INFINIWAVE LIMITED<\/strong><\/p>\n<p><strong>77, LOWER CAMDENI T\u00c4NAV, <\/strong><\/p>\n<p><strong>DUBLIN D02 XE80<\/strong><\/p>\n<p><strong>Iirimaa<\/strong><\/p>\n<p><strong>Registreerimisnumber 737750 ja k\u00e4ibemaks. 4162209VH<\/strong><\/p>\n<p>[\/et_pb_text][et_pb_text _builder_version=&#8221;4.23.4&#8243; _module_preset=&#8221;_initial&#8221; text_font=&#8221;Poppins||||||||&#8221; text_text_color=&#8221;#4e4e4e&#8221; global_colors_info=&#8221;{}&#8221;]<\/p>\n<p>INFINIWAVE LIMITED teenuste tellimine annab teile juurdep\u00e4\u00e4su j\u00e4rgmistele eelistele:<\/p>\n<ul>\n<li>Piiramatu arv teste<\/li>\n<li>K\u00f5ikide katsetulemuste s\u00e4ilitamine<\/li>\n<li>Testide v\u00f5rdlused<\/li>\n<li>E-posti teel saadetud tulemused<\/li>\n<\/ul>\n<p>Tellimus annab teile 24 tunni jooksul juurdep\u00e4\u00e4su liikmealale soodushinnaga 0,5 eurot koos k\u00e4ibemaksuga. P\u00e4rast prooviperioodi l\u00f5ppu kehtib kuutasu 47,5 eurot (koos k\u00e4ibemaksuga) kuus. Maksmine toimub automaatselt teie krediitkaardilt iga kuu aastap\u00e4eva p\u00e4eval.<\/p>\n<p>Te saate oma tellimuse igal ajal ja tingimusteta t\u00fchistada otse sellel lehek\u00fcljel: <a href=\"https:\/\/english.psality.com\/fr\/test-big-5-cancel-sub\/\">https:\/\/english.psality.com\/fr\/test-big-5-cancel-sub\/<\/a><\/p>\n<p>Tellimuse t\u00fchistamiseks v\u00f5tke palun \u00fchendust meie klienditeenindusega e-posti aadressil <a href=\"mailto:contact.psality@gmail.com\" target=\"_new\" rel=\"noopener\">contact.psality@gmail.com<\/a>v\u00f5i meie kontaktvormi kaudu, j\u00e4rgides seda linki: <a href=\"https:\/\/english.psality.com\/fr\/contacts\/\">https:\/\/english.psality.com\/fr\/contacts\/<\/a><\/p>\n<p>INFINIWAVE LIMITED ei m\u00fc\u00fc klienditeavet edasi; isikuandmeid kasutatakse ainult klientidega suhtlemiseks ja neile soovitud teenindustaseme pakkumiseks.<\/p>\n<p>INFINIWAVE LIMITED kasutab makseteenuse pakkujaid, kes vastavad n\u00f5utavatele PCI DSS turvastandarditele.<\/p>\n<p>[\/et_pb_text][\/et_pb_column][\/et_pb_row][\/et_pb_section]<\/p>","protected":false},"excerpt":{"rendered":"<p>Conditions de paiement r\u00e9currentConditions d&#8217;abonnementEntry into force: March 30th, 2023INFINIWAVE LIMITED 77, LOWER CAMDEN STREET, DUBLIN D02 XE80 Ireland Registration number 737750 and VAT. 4162209VHL&#8217;abonnement aux services de INFINIWAVE LIMITED donne acc\u00e8s aux avantages suivants : Tests illimit\u00e9s Stockage de tous les r\u00e9sultats de test Comparaisons entre les tests Envoi des r\u00e9sultats par e-mail L&#8217;abonnement [&hellip;]<\/p>","protected":false},"author":1,"featured_media":0,"parent":0,"menu_order":0,"comment_status":"closed","ping_status":"closed","template":"","meta":{"_et_pb_use_builder":"on","_et_pb_old_content":"<!-- wp:divi\/placeholder \/-->","_et_gb_content_width":"","inline_featured_image":false,"footnotes":""},"class_list":["post-63","page","type-page","status-publish","hentry"],"_links":{"self":[{"href":"https:\/\/english.psality.com\/et\/wp-json\/wp\/v2\/pages\/63","targetHints":{"allow":["GET"]}}],"collection":[{"href":"https:\/\/english.psality.com\/et\/wp-json\/wp\/v2\/pages"}],"about":[{"href":"https:\/\/english.psality.com\/et\/wp-json\/wp\/v2\/types\/page"}],"author":[{"embeddable":true,"href":"https:\/\/english.psality.com\/et\/wp-json\/wp\/v2\/users\/1"}],"replies":[{"embeddable":true,"href":"https:\/\/english.psality.com\/et\/wp-json\/wp\/v2\/comments?post=63"}],"version-history":[{"count":4,"href":"https:\/\/english.psality.com\/et\/wp-json\/wp\/v2\/pages\/63\/revisions"}],"predecessor-version":[{"id":242,"href":"https:\/\/english.psality.com\/et\/wp-json\/wp\/v2\/pages\/63\/revisions\/242"}],"wp:attachment":[{"href":"https:\/\/english.psality.com\/et\/wp-json\/wp\/v2\/media?parent=63"}],"curies":[{"name":"wp","href":"https:\/\/api.w.org\/{rel}","templated":true}]}}