{"id":63,"date":"2025-07-02T21:06:56","date_gmt":"2025-07-02T21:06:56","guid":{"rendered":"https:\/\/english.psality.com\/?page_id=63"},"modified":"2025-07-03T21:05:35","modified_gmt":"2025-07-03T21:05:35","slug":"conditions-de-paiement-recurrent","status":"publish","type":"page","link":"https:\/\/english.psality.com\/lt\/conditions-de-paiement-recurrent\/","title":{"rendered":"Conditions de paiement recurrent"},"content":{"rendered":"<p>[et_pb_section fb_built=&#8221;1&#8243; admin_label=&#8221;section&#8221; _builder_version=&#8221;4.27.4&#8243; background_color=&#8221;#0b2745&#8243; custom_margin=&#8221;0px||0px||true|false&#8221; custom_padding=&#8221;50px||50px||true|false&#8221; hover_enabled=&#8221;0&#8243; locked=&#8221;off&#8221; global_colors_info=&#8221;{}&#8221; sticky_enabled=&#8221;0&#8243;][et_pb_row make_equal=&#8221;on&#8221; custom_padding_last_edited=&#8221;on|tablet&#8221; admin_label=&#8221;row&#8221; _builder_version=&#8221;4.27.4&#8243; background_size=&#8221;initial&#8221; background_position=&#8221;top_left&#8221; background_repeat=&#8221;repeat&#8221; custom_margin_tablet=&#8221;&#8221; custom_margin_phone=&#8221;&#8221; custom_margin_last_edited=&#8221;on|phone&#8221; custom_padding_tablet=&#8221;||0px||false|false&#8221; custom_padding_phone=&#8221;||0px||false|false&#8221; hover_enabled=&#8221;0&#8243; global_colors_info=&#8221;{}&#8221; sticky_enabled=&#8221;0&#8243;][et_pb_column type=&#8221;4_4&#8243; _builder_version=&#8221;4.27.4&#8243; custom_padding=&#8221;|||&#8221; custom_css_main_element=&#8221;display:flex;||flex-direction:column;||justify-content:center;||align-content:center;&#8221; global_colors_info=&#8221;{}&#8221; custom_padding__hover=&#8221;|||&#8221;][et_pb_text admin_label=&#8221;Text&#8221; _builder_version=&#8221;4.27.4&#8243; background_size=&#8221;initial&#8221; background_position=&#8221;top_left&#8221; background_repeat=&#8221;repeat&#8221; hover_enabled=&#8221;0&#8243; global_colors_info=&#8221;{}&#8221; sticky_enabled=&#8221;0&#8243;]<\/p>\n<h1><span>Pasikartojan\u010dios mok\u0117jimo s\u0105lygos<\/span><\/h1>\n<p>[\/et_pb_text][\/et_pb_column][\/et_pb_row][\/et_pb_section][et_pb_section fb_built=&#8221;1&#8243; admin_label=&#8221;Sub-areas&#8221; _builder_version=&#8221;4.17.4&#8243; _module_preset=&#8221;default&#8221; locked=&#8221;off&#8221; global_colors_info=&#8221;{}&#8221;][et_pb_row custom_padding_last_edited=&#8221;on|desktop&#8221; admin_label=&#8221;Title&#8221; _builder_version=&#8221;4.17.4&#8243; _module_preset=&#8221;default&#8221; custom_padding=&#8221;|120px||120px|false|true&#8221; custom_padding_tablet=&#8221;|0px||0px|false|true&#8221; custom_padding_phone=&#8221;|0px||0px|false|true&#8221; global_colors_info=&#8221;{}&#8221;][et_pb_column type=&#8221;4_4&#8243; _builder_version=&#8221;4.17.4&#8243; _module_preset=&#8221;default&#8221; global_colors_info=&#8221;{}&#8221;][et_pb_text _builder_version=&#8221;4.21.0&#8243; _module_preset=&#8221;_initial&#8221; text_font=&#8221;Poppins|600|||||||&#8221; text_text_color=&#8221;#5f6bb0&#8243; text_font_size=&#8221;35px&#8221; text_orientation=&#8221;center&#8221; locked=&#8221;off&#8221; global_colors_info=&#8221;{}&#8221; custom_css_before_last_edited=&#8221;on|tablet&#8221; custom_css_before_phone=&#8221; content: %22%22;||  display: block;||  width: 50px;||  height: 5px;||  background: linear-gradient(to right,#A8CBEC,#5F6BB0);|| left: 10px;||  top: 50%;||  position: absolute;&#8221; custom_css_after_last_edited=&#8221;on|phone&#8221; custom_css_after_phone=&#8221; content: %22%22;||  display: block;||  width: 50px;||  height: 5px;||  background: linear-gradient(to right,#A8CBEC,#5F6BB0);||  right: 10px;||  top: 50%;||  position: absolute;&#8221; custom_css_before_tablet=&#8221; content: %22%22;||  display: block;||  width: 30%;||  height: 5px;||  background: linear-gradient(to right,#A8CBEC,#5F6BB0);||  left: 10px;||  top: 50%;||  position: absolute;&#8221; custom_css_after_tablet=&#8221; content: %22%22;||  display: block;||  width: 30%;||  height: 5px;||  background: linear-gradient(to left,#A8CBEC,#5F6BB0);||  right: 10px;||  top: 50%;||  position: absolute;&#8221;]<\/p>\n<p><span>Prenumeratos s\u0105lygos<\/span><\/p>\n<p>[\/et_pb_text][et_pb_text _builder_version=&#8221;4.21.0&#8243; _module_preset=&#8221;_initial&#8221; text_font=&#8221;Poppins|300|||||||&#8221; global_colors_info=&#8221;{}&#8221;]<\/p>\n<p>\u012esigaliojimas: 2023 m. kovo 30 d.<\/p>\n<p>[\/et_pb_text][et_pb_text _builder_version=&#8221;4.21.0&#8243; _module_preset=&#8221;_initial&#8221; global_colors_info=&#8221;{}&#8221;]<\/p>\n<p><strong>INFINIWAVE LIMITED<\/strong><\/p>\n<p><strong>77, LOWER CAMDEN STREET, <\/strong><\/p>\n<p><strong>DUBLIN D02 XE80<\/strong><\/p>\n<p><strong>Airija<\/strong><\/p>\n<p><strong>Registracijos numeris 737750 ir PVM. 4162209VH<\/strong><\/p>\n<p>[\/et_pb_text][et_pb_text _builder_version=&#8221;4.23.4&#8243; _module_preset=&#8221;_initial&#8221; text_font=&#8221;Poppins||||||||&#8221; text_text_color=&#8221;#4e4e4e&#8221; global_colors_info=&#8221;{}&#8221;]<\/p>\n<p>Prenumeruojant INFINIWAVE LIMITED paslaugas, galite naudotis \u0161iais privalumais:<\/p>\n<ul>\n<li>Neribotas test\u0173 skai\u010dius<\/li>\n<li>Vis\u0173 tyrim\u0173 rezultat\u0173 saugojimas<\/li>\n<li>Test\u0173 palyginimai<\/li>\n<li>Rezultatai siun\u010diami el. pa\u0161tu<\/li>\n<\/ul>\n<p>Prenumerata suteikia galimyb\u0119 24 valandas naudotis nari\u0173 zona u\u017e 0,5 EUR su PVM. Pasibaigus \u0161iam bandomajam laikotarpiui, bus taikoma 47,5 EUR su PVM m\u0117nesio prenumerata. Mokestis bus automati\u0161kai nura\u0161omas i\u0161 j\u016bs\u0173 kredito kortel\u0117s kiekvien\u0105 m\u0117nes\u012f metini\u0173 dien\u0105.<\/p>\n<p>Prenumerat\u0105 galite bet kada ir bes\u0105lygi\u0161kai nutraukti tiesiogiai \u0161iame puslapyje: <a href=\"https:\/\/english.psality.com\/fr\/test-big-5-cancel-sub\/\">https:\/\/english.psality.com\/fr\/test-big-5-cancel-sub\/<\/a><\/p>\n<p>Nor\u0117dami at\u0161aukti prenumerat\u0105, susisiekite su m\u016bs\u0173 klient\u0173 aptarnavimo tarnyba el. pa\u0161tu <a href=\"mailto:contact.psality@gmail.com\" target=\"_new\" rel=\"noopener\">contact.psality@gmail.com<\/a>arba per m\u016bs\u0173 kontaktin\u0119 form\u0105, kuri\u0105 rasite paspaud\u0119 \u0161i\u0105 nuorod\u0105: <a href=\"https:\/\/english.psality.com\/fr\/contacts\/\">https:\/\/english.psality.com\/fr\/contacts\/<\/a><\/p>\n<p>\"INFINIWAVE LIMITED\" neperparduoda klient\u0173 informacijos; asmens duomenys naudojami tik siekiant bendrauti su klientais ir teikti jiems pageidaujamo lygio paslaugas.<\/p>\n<p>\"INFINIWAVE LIMITED\" naudojasi mok\u0117jimo paslaug\u0173 teik\u0117jais, kurie atitinka reikalaujamus PCI DSS saugumo standartus.<\/p>\n<p>[\/et_pb_text][\/et_pb_column][\/et_pb_row][\/et_pb_section]<\/p>","protected":false},"excerpt":{"rendered":"<p>Conditions de paiement r\u00e9currentConditions d&#8217;abonnementEntry into force: March 30th, 2023INFINIWAVE LIMITED 77, LOWER CAMDEN STREET, DUBLIN D02 XE80 Ireland Registration number 737750 and VAT. 4162209VHL&#8217;abonnement aux services de INFINIWAVE LIMITED donne acc\u00e8s aux avantages suivants : Tests illimit\u00e9s Stockage de tous les r\u00e9sultats de test Comparaisons entre les tests Envoi des r\u00e9sultats par e-mail L&#8217;abonnement [&hellip;]<\/p>","protected":false},"author":1,"featured_media":0,"parent":0,"menu_order":0,"comment_status":"closed","ping_status":"closed","template":"","meta":{"_et_pb_use_builder":"on","_et_pb_old_content":"<!-- wp:divi\/placeholder \/-->","_et_gb_content_width":"","inline_featured_image":false,"footnotes":""},"class_list":["post-63","page","type-page","status-publish","hentry"],"_links":{"self":[{"href":"https:\/\/english.psality.com\/lt\/wp-json\/wp\/v2\/pages\/63","targetHints":{"allow":["GET"]}}],"collection":[{"href":"https:\/\/english.psality.com\/lt\/wp-json\/wp\/v2\/pages"}],"about":[{"href":"https:\/\/english.psality.com\/lt\/wp-json\/wp\/v2\/types\/page"}],"author":[{"embeddable":true,"href":"https:\/\/english.psality.com\/lt\/wp-json\/wp\/v2\/users\/1"}],"replies":[{"embeddable":true,"href":"https:\/\/english.psality.com\/lt\/wp-json\/wp\/v2\/comments?post=63"}],"version-history":[{"count":4,"href":"https:\/\/english.psality.com\/lt\/wp-json\/wp\/v2\/pages\/63\/revisions"}],"predecessor-version":[{"id":242,"href":"https:\/\/english.psality.com\/lt\/wp-json\/wp\/v2\/pages\/63\/revisions\/242"}],"wp:attachment":[{"href":"https:\/\/english.psality.com\/lt\/wp-json\/wp\/v2\/media?parent=63"}],"curies":[{"name":"wp","href":"https:\/\/api.w.org\/{rel}","templated":true}]}}